{"id":2161,"date":"2024-09-08T06:02:30","date_gmt":"2024-09-08T06:02:30","guid":{"rendered":"https:\/\/www.ilmlatam.com\/demo\/?page_id=2161"},"modified":"2024-10-18T06:33:54","modified_gmt":"2024-10-18T06:33:54","slug":"marco-gavino","status":"publish","type":"page","link":"https:\/\/www.ilmlatam.com\/demo\/marco-gavino\/","title":{"rendered":"Marco Gavi\u00f1o"},"content":{"rendered":"\t\t<div data-elementor-type=\"wp-page\" data-elementor-id=\"2161\" class=\"elementor elementor-2161\" data-elementor-post-type=\"page\">\n\t\t\t\t\t\t<section class=\"elementor-section elementor-top-section elementor-element elementor-element-ec87f26 elementor-section-boxed elementor-section-height-default elementor-section-height-default\" data-id=\"ec87f26\" data-element_type=\"section\" data-e-type=\"section\">\n\t\t\t\t\t\t<div class=\"elementor-container elementor-column-gap-default\">\n\t\t\t\t\t<div class=\"elementor-column elementor-col-100 elementor-top-column elementor-element elementor-element-83efe8f\" data-id=\"83efe8f\" data-element_type=\"column\" data-e-type=\"column\">\n\t\t\t<div class=\"elementor-widget-wrap elementor-element-populated\">\n\t\t\t\t\t\t<div class=\"elementor-element elementor-element-abdfa01 elementor-widget elementor-widget-spacer\" data-id=\"abdfa01\" data-element_type=\"widget\" data-e-type=\"widget\" data-widget_type=\"spacer.default\">\n\t\t\t\t<div class=\"elementor-widget-container\">\n\t\t\t\t\t\t\t<div class=\"elementor-spacer\">\n\t\t\t<div class=\"elementor-spacer-inner\"><\/div>\n\t\t<\/div>\n\t\t\t\t\t\t<\/div>\n\t\t\t\t<\/div>\n\t\t\t\t\t<\/div>\n\t\t<\/div>\n\t\t\t\t\t<\/div>\n\t\t<\/section>\n\t\t\t\t<section class=\"elementor-section elementor-top-section elementor-element elementor-element-53103d33 elementor-section-boxed elementor-section-height-default elementor-section-height-default\" data-id=\"53103d33\" data-element_type=\"section\" data-e-type=\"section\">\n\t\t\t\t\t\t<div class=\"elementor-container elementor-column-gap-default\">\n\t\t\t\t\t<div class=\"elementor-column elementor-col-25 elementor-top-column elementor-element elementor-element-1d25fe88\" data-id=\"1d25fe88\" data-element_type=\"column\" data-e-type=\"column\">\n\t\t\t<div class=\"elementor-widget-wrap\">\n\t\t\t\t\t\t\t<\/div>\n\t\t<\/div>\n\t\t\t\t<div class=\"elementor-column elementor-col-25 elementor-top-column elementor-element elementor-element-d06de0a\" data-id=\"d06de0a\" data-element_type=\"column\" data-e-type=\"column\">\n\t\t\t<div class=\"elementor-widget-wrap elementor-element-populated\">\n\t\t\t\t\t\t<div class=\"elementor-element elementor-element-69fa5b7c elementor-widget elementor-widget-text-editor\" data-id=\"69fa5b7c\" data-element_type=\"widget\" data-e-type=\"widget\" data-widget_type=\"text-editor.default\">\n\t\t\t\t<div class=\"elementor-widget-container\">\n\t\t\t\t\t\t\t\t\t<div class=\"team-details-text mb-30\" style=\"text-align: justify;\"> \n    <h2 style=\"color: #072f6e;\">MARCO GAVI\u00d1O<\/h2>\n\nGerente de Proyectos <br><br>\n\n\n\n\n10 A\u00d1OS COMO COACH &amp; CONSULTOR\n<br><br>\n\nBachiller en Ingenier\u00eda de Sistemas de la Universidad Nacional Mayor de San Marcos, con Especializaci\u00f3n en Administraci\u00f3n de Empresas en ESAN, OKR Master, Coach Certificado por la ICC de Londres, Certificado en Liderazgo Consciente por el Conscious Business Center International de Fred Kofman y Excelencia en Liderazgo por Disney Institute, Licenciatario Benziger Thinking Styles Assesment, Master en Programaci\u00f3n Neuroling\u00fc\u00edstica por el Instituto Latinoamericano de PNL, Coach Ontol\u00f3gico por COCREAR Argentina, Facilitador Certificado en herramientas Faces &amp; Points of You.\n<br><br>\n\nM\u00e1s de 17 a\u00f1os liderando equipos de alto rendimiento, particip\u00f3 directamente en el Proyecto Twist de Transformaci\u00f3n Cultural para LATAM Per\u00fa y ha formado parte del equipo consultor de diversas transformaciones culturales para empresas como Pac\u00edfico Salud, TGP, Banco Santander, Corporaci\u00f3n Mendoza. Cuenta con m\u00e1s de 1000 horas de coaching individual y ha realizado m\u00e1s de 250 sesiones de entrenamientos sobre cultura organizacional y habilidades blandas. Especialista en Liderazgo, Transformaci\u00f3n Personal y Cultura Organizacional.\n\n<\/div>\t\t\t\t\t\t\t\t<\/div>\n\t\t\t\t<\/div>\n\t\t\t\t\t<\/div>\n\t\t<\/div>\n\t\t\t\t<div class=\"elementor-column elementor-col-25 elementor-top-column elementor-element elementor-element-7601d9e7\" data-id=\"7601d9e7\" data-element_type=\"column\" data-e-type=\"column\">\n\t\t\t<div class=\"elementor-widget-wrap\">\n\t\t\t\t\t\t\t<\/div>\n\t\t<\/div>\n\t\t\t\t<div class=\"elementor-column elementor-col-25 elementor-top-column elementor-element elementor-element-50e8a5d2\" data-id=\"50e8a5d2\" data-element_type=\"column\" data-e-type=\"column\">\n\t\t\t<div class=\"elementor-widget-wrap elementor-element-populated\">\n\t\t\t\t\t\t<div class=\"elementor-element elementor-element-b9f183e elementor-widget elementor-widget-spacer\" data-id=\"b9f183e\" data-element_type=\"widget\" data-e-type=\"widget\" data-widget_type=\"spacer.default\">\n\t\t\t\t<div class=\"elementor-widget-container\">\n\t\t\t\t\t\t\t<div class=\"elementor-spacer\">\n\t\t\t<div class=\"elementor-spacer-inner\"><\/div>\n\t\t<\/div>\n\t\t\t\t\t\t<\/div>\n\t\t\t\t<\/div>\n\t\t\t\t<div class=\"elementor-element elementor-element-4f22e38 elementor-widget elementor-widget-html\" data-id=\"4f22e38\" data-element_type=\"widget\" data-e-type=\"widget\" data-widget_type=\"html.default\">\n\t\t\t\t<div class=\"elementor-widget-container\">\n\t\t\t\t\t<div class=\"team-wrapper mb-30\">\r\n                            \r\n                            \t\r\n\t                                <img decoding=\"async\" src=\"https:\/\/www.ilmlatam.com\/demo\/wp-content\/uploads\/2021\/06\/MARCO-GA.png\" alt=\"\">\r\n\t                            <\/a>\r\n                                <div class=\"team-02-icon\">\r\n                                    <div class=\"inner-team-icon \">\r\n                                        <a \r\n                                        \r\n                                            <a class=\"google\" href=\"https:\/\/www.linkedin.com\/in\/marco-gavino-velaochaga\/\"><i class=\"fab fa-linkedin\"><\/i><\/a>\r\n                  \r\n                                        <\/div>\r\n                                    <\/div>\r\n                                    \r\n                                <\/div>\r\n                            <\/div>\r\n                           \r\n                            <\/div>\r\n                        <\/div>\t\t\t\t<\/div>\n\t\t\t\t<\/div>\n\t\t\t\t\t<\/div>\n\t\t<\/div>\n\t\t\t\t\t<\/div>\n\t\t<\/section>\n\t\t\t\t<section class=\"elementor-section elementor-top-section elementor-element elementor-element-f6fcbae elementor-section-full_width elementor-section-height-default elementor-section-height-default\" data-id=\"f6fcbae\" data-element_type=\"section\" data-e-type=\"section\">\n\t\t\t\t\t\t<div class=\"elementor-container elementor-column-gap-no\">\n\t\t\t\t\t<div class=\"elementor-column elementor-col-100 elementor-top-column elementor-element elementor-element-f51be74\" data-id=\"f51be74\" data-element_type=\"column\" data-e-type=\"column\">\n\t\t\t<div class=\"elementor-widget-wrap elementor-element-populated\">\n\t\t\t\t\t\t<div class=\"elementor-element elementor-element-845f0e7 elementor-widget elementor-widget-spacer\" data-id=\"845f0e7\" data-element_type=\"widget\" data-e-type=\"widget\" data-widget_type=\"spacer.default\">\n\t\t\t\t<div class=\"elementor-widget-container\">\n\t\t\t\t\t\t\t<div class=\"elementor-spacer\">\n\t\t\t<div class=\"elementor-spacer-inner\"><\/div>\n\t\t<\/div>\n\t\t\t\t\t\t<\/div>\n\t\t\t\t<\/div>\n\t\t\t\t<div class=\"elementor-element elementor-element-eb6ceeb elementor-align-left elementor-widget elementor-widget-bdevs-contact-form2\" data-id=\"eb6ceeb\" data-element_type=\"widget\" data-e-type=\"widget\" data-widget_type=\"bdevs-contact-form2.default\">\n\t\t\t\t<div class=\"elementor-widget-container\">\n\t\t\t\t\t\t\t<div class=\"contact-area pt-120 grey-bg\">\r\n            <div class=\"container\">\r\n                <div class=\"row\">\r\n                    <div class=\"col-xl-5 col-lg-5\">\r\n                        <div class=\"contact-address-wrapper mb-30\">\r\n                            <div class=\"section-title mb-60\">\r\n                                                                <h5><span><\/span> Conversemos<\/h5>\r\n                                                                                                <h2><h1>Gestionamos personas, procesos <br>y resultados<\/h2>\r\n                                                            <\/div>\r\n                                                        <div class=\"inner-address-icon mb-45\">\r\n                                <div class=\"contact-address-icon f-left\">\r\n                                    <i class=\"fa fa-university \"><\/i>\r\n                                <\/div>\r\n                                <div class=\"contact-address-text\">\r\n                                    <h3>Direccion:<\/h3>\r\n                                    Calle Monte Rosa 233 Of. 605<br> Chacarilla - Santiago de Surco                                <\/div>\r\n                            <\/div>\r\n                                                        <div class=\"inner-address-icon mb-45\">\r\n                                <div class=\"contact-address-icon f-left\">\r\n                                    <i class=\"fa fa-envelope\"><\/i>\r\n                                <\/div>\r\n                                <div class=\"contact-address-text\">\r\n                                    <h3>Correo:<\/h3>\r\n                                    desarrollo@ilmlatam.com                                <\/div>\r\n                            <\/div>\r\n                                                        <div class=\"inner-address-icon mb-45\">\r\n                                <div class=\"contact-address-icon f-left\">\r\n                                    <i class=\"fa fa-tty\"><\/i>\r\n                                <\/div>\r\n                                <div class=\"contact-address-text\">\r\n                                    <h3>Tel\u00e9fono<\/h3>\r\n                                    <p><a class=\"text-white-70 font-size-15\" href=\"https:\/\/www.ilmlatam.com\/#\">(+51) 999 201 179<\/a><\/p>                                <\/div>\r\n                            <\/div>\r\n                                                    <\/div>\r\n                    <\/div>\r\n                    <div class=\"col-xl-7 col-lg-7\">\r\n                        <div class=\"contact-wrapper mb-30\">\r\n                            <div class=\"contact-text\">\r\n                                <h3>Completa tus datos y te contactaremos<\/h3>\r\n                            <\/div>\r\n                            <style id=\"wpforms-css-vars-759\">\n\t\t\t\t#wpforms-759 {\n\t\t\t\t\n\t\t\t}\n\t\t\t<\/style><div class=\"wpforms-container wpforms-container-full wpforms-render-modern\" id=\"wpforms-759\"><form id=\"wpforms-form-759\" class=\"wpforms-validate wpforms-form wpforms-ajax-form\" data-formid=\"759\" method=\"post\" enctype=\"multipart\/form-data\" action=\"\/demo\/wp-json\/wp\/v2\/pages\/2161\" data-token=\"2408cc7f75078edaffd91b1fbbffd69e\" data-token-time=\"1776391376\"><noscript class=\"wpforms-error-noscript\">Por favor, activa JavaScript en tu navegador para completar este formulario.<\/noscript><div id=\"wpforms-error-noscript\" style=\"display: none;\">Por favor, activa JavaScript en tu navegador para completar este formulario.<\/div><div class=\"wpforms-field-container\">\t\t<div id=\"wpforms-759-field_6-container\"\n\t\t\tclass=\"wpforms-field wpforms-field-text\"\n\t\t\tdata-field-type=\"text\"\n\t\t\tdata-field-id=\"6\"\n\t\t\t>\n\t\t\t<label class=\"wpforms-field-label\" for=\"wpforms-759-field_6\" >o Correo Cargo<\/label>\n\t\t\t<input type=\"text\" id=\"wpforms-759-field_6\" class=\"wpforms-field-medium\" name=\"wpforms[fields][6]\" >\n\t\t<\/div>\n\t\t<div id=\"wpforms-759-field_1-container\" class=\"wpforms-field wpforms-field-name\" data-field-id=\"1\"><label class=\"wpforms-field-label\" for=\"wpforms-759-field_1\">Nombre y Apellidos <span class=\"wpforms-required-label\" aria-hidden=\"true\">*<\/span><\/label><input type=\"text\" id=\"wpforms-759-field_1\" class=\"wpforms-field-medium wpforms-field-required\" name=\"wpforms[fields][1]\" aria-errormessage=\"wpforms-759-field_1-error\" required><\/div><div id=\"wpforms-759-field_4-container\" class=\"wpforms-field wpforms-field-name\" data-field-id=\"4\"><label class=\"wpforms-field-label\" for=\"wpforms-759-field_4\">Empresa <span class=\"wpforms-required-label\" aria-hidden=\"true\">*<\/span><\/label><input type=\"text\" id=\"wpforms-759-field_4\" class=\"wpforms-field-medium wpforms-field-required\" name=\"wpforms[fields][4]\" aria-errormessage=\"wpforms-759-field_4-error\" required><\/div><div id=\"wpforms-759-field_5-container\" class=\"wpforms-field wpforms-field-name\" data-field-id=\"5\"><label class=\"wpforms-field-label\" for=\"wpforms-759-field_5\">Cargo <span class=\"wpforms-required-label\" aria-hidden=\"true\">*<\/span><\/label><input type=\"text\" id=\"wpforms-759-field_5\" class=\"wpforms-field-medium wpforms-field-required\" name=\"wpforms[fields][5]\" aria-errormessage=\"wpforms-759-field_5-error\" required><\/div><div id=\"wpforms-759-field_2-container\" class=\"wpforms-field wpforms-field-email\" data-field-id=\"2\"><label class=\"wpforms-field-label\" for=\"wpforms-759-field_2\">Correo electr\u00f3nico <span class=\"wpforms-required-label\" aria-hidden=\"true\">*<\/span><\/label><input type=\"email\" id=\"wpforms-759-field_2\" class=\"wpforms-field-medium wpforms-field-required\" name=\"wpforms[fields][2]\" spellcheck=\"false\" aria-errormessage=\"wpforms-759-field_2-error\" required><\/div><div id=\"wpforms-759-field_3-container\" class=\"wpforms-field wpforms-field-textarea\" data-field-id=\"3\"><label class=\"wpforms-field-label\" for=\"wpforms-759-field_3\">Comentario o mensaje<\/label><textarea id=\"wpforms-759-field_3\" class=\"wpforms-field-medium\" name=\"wpforms[fields][3]\" aria-errormessage=\"wpforms-759-field_3-error\" ><\/textarea><\/div><script>\n\t\t\t\t( function() {\n\t\t\t\t\tconst style = document.createElement( 'style' );\n\t\t\t\t\tstyle.appendChild( document.createTextNode( '#wpforms-759-field_6-container { position: absolute !important; overflow: hidden !important; display: inline !important; height: 1px !important; width: 1px !important; z-index: -1000 !important; padding: 0 !important; } #wpforms-759-field_6-container input { visibility: hidden; } #wpforms-conversational-form-page #wpforms-759-field_6-container label { counter-increment: none; }' ) );\n\t\t\t\t\tdocument.head.appendChild( style );\n\t\t\t\t\tdocument.currentScript?.remove();\n\t\t\t\t} )();\n\t\t\t<\/script><\/div><!-- .wpforms-field-container --><div class=\"wpforms-submit-container\" ><input type=\"hidden\" name=\"wpforms[id]\" value=\"759\"><input type=\"hidden\" name=\"page_title\" value=\"\"><input type=\"hidden\" name=\"page_url\" value=\"https:\/\/www.ilmlatam.com\/demo\/wp-json\/wp\/v2\/pages\/2161\"><input type=\"hidden\" name=\"url_referer\" value=\"\"><button type=\"submit\" name=\"wpforms[submit]\" id=\"wpforms-submit-759\" class=\"wpforms-submit\" data-alt-text=\"Enviando...\" data-submit-text=\"Enviar\" aria-live=\"assertive\" value=\"wpforms-submit\">Enviar<\/button><img decoding=\"async\" src=\"https:\/\/www.ilmlatam.com\/demo\/wp-content\/plugins\/wpforms-lite\/assets\/images\/submit-spin.svg\" class=\"wpforms-submit-spinner\" style=\"display: none;\" width=\"26\" height=\"26\" alt=\"Cargando\"><\/div><\/form><\/div>  <!-- .wpforms-container -->                        <\/div>\r\n                    <\/div>\r\n                <\/div>\r\n            <\/div>\r\n        <\/div>\r\n\t\t\t\t\t<\/div>\n\t\t\t\t<\/div>\n\t\t\t\t\t<\/div>\n\t\t<\/div>\n\t\t\t\t\t<\/div>\n\t\t<\/section>\n\t\t\t\t<section class=\"elementor-section elementor-top-section elementor-element elementor-element-a9a0305 elementor-section-boxed elementor-section-height-default elementor-section-height-default\" data-id=\"a9a0305\" data-element_type=\"section\" data-e-type=\"section\">\n\t\t\t\t\t\t<div class=\"elementor-container elementor-column-gap-default\">\n\t\t\t\t\t<div class=\"elementor-column elementor-col-100 elementor-top-column elementor-element elementor-element-b3b4786\" data-id=\"b3b4786\" data-element_type=\"column\" data-e-type=\"column\">\n\t\t\t<div class=\"elementor-widget-wrap elementor-element-populated\">\n\t\t\t\t\t\t<section class=\"elementor-section elementor-inner-section elementor-element elementor-element-b4e6660 elementor-section-boxed elementor-section-height-default elementor-section-height-default\" data-id=\"b4e6660\" data-element_type=\"section\" data-e-type=\"section\">\n\t\t\t\t\t\t<div class=\"elementor-container elementor-column-gap-default\">\n\t\t\t\t\t<div class=\"elementor-column elementor-col-50 elementor-inner-column elementor-element elementor-element-699313b\" data-id=\"699313b\" data-element_type=\"column\" data-e-type=\"column\">\n\t\t\t<div class=\"elementor-widget-wrap elementor-element-populated\">\n\t\t\t\t\t\t<div class=\"elementor-element elementor-element-7a1193f elementor-shape-circle elementor-grid-0 e-grid-align-center elementor-widget elementor-widget-global elementor-global-1581 elementor-widget-social-icons\" data-id=\"7a1193f\" data-element_type=\"widget\" data-e-type=\"widget\" data-widget_type=\"social-icons.default\">\n\t\t\t\t<div class=\"elementor-widget-container\">\n\t\t\t\t\t\t\t<div class=\"elementor-social-icons-wrapper elementor-grid\" role=\"list\">\n\t\t\t\t\t\t\t<span class=\"elementor-grid-item\" role=\"listitem\">\n\t\t\t\t\t<a class=\"elementor-icon elementor-social-icon elementor-social-icon-facebook elementor-repeater-item-f54c2fc\" href=\"https:\/\/www.facebook.com\/ILMLatam\/\" target=\"_blank\">\n\t\t\t\t\t\t<span class=\"elementor-screen-only\">Facebook<\/span>\n\t\t\t\t\t\t<i aria-hidden=\"true\" class=\"fab fa-facebook\"><\/i>\t\t\t\t\t<\/a>\n\t\t\t\t<\/span>\n\t\t\t\t\t\t\t<span class=\"elementor-grid-item\" role=\"listitem\">\n\t\t\t\t\t<a class=\"elementor-icon elementor-social-icon elementor-social-icon-instagram elementor-repeater-item-84c6e75\" href=\"https:\/\/www.instagram.com\/ilmlatam\/?hl=es\" target=\"_blank\">\n\t\t\t\t\t\t<span class=\"elementor-screen-only\">Instagram<\/span>\n\t\t\t\t\t\t<i aria-hidden=\"true\" class=\"fab fa-instagram\"><\/i>\t\t\t\t\t<\/a>\n\t\t\t\t<\/span>\n\t\t\t\t\t\t\t<span class=\"elementor-grid-item\" role=\"listitem\">\n\t\t\t\t\t<a class=\"elementor-icon elementor-social-icon elementor-social-icon-linkedin elementor-repeater-item-cbc1c71\" href=\"https:\/\/www.linkedin.com\/company\/ilmlatam\/\" target=\"_blank\">\n\t\t\t\t\t\t<span class=\"elementor-screen-only\">Linkedin<\/span>\n\t\t\t\t\t\t<i aria-hidden=\"true\" class=\"fab fa-linkedin\"><\/i>\t\t\t\t\t<\/a>\n\t\t\t\t<\/span>\n\t\t\t\t\t\t\t<span class=\"elementor-grid-item\" role=\"listitem\">\n\t\t\t\t\t<a class=\"elementor-icon elementor-social-icon elementor-social-icon-youtube elementor-repeater-item-4784776\" href=\"https:\/\/www.youtube.com\/@ILMLatam\" target=\"_blank\">\n\t\t\t\t\t\t<span class=\"elementor-screen-only\">Youtube<\/span>\n\t\t\t\t\t\t<i aria-hidden=\"true\" class=\"fab fa-youtube\"><\/i>\t\t\t\t\t<\/a>\n\t\t\t\t<\/span>\n\t\t\t\t\t<\/div>\n\t\t\t\t\t\t<\/div>\n\t\t\t\t<\/div>\n\t\t\t\t\t<\/div>\n\t\t<\/div>\n\t\t\t\t<div class=\"elementor-column elementor-col-50 elementor-inner-column elementor-element elementor-element-fbffa88\" data-id=\"fbffa88\" data-element_type=\"column\" data-e-type=\"column\">\n\t\t\t<div class=\"elementor-widget-wrap\">\n\t\t\t\t\t\t\t<\/div>\n\t\t<\/div>\n\t\t\t\t\t<\/div>\n\t\t<\/section>\n\t\t\t\t\t<\/div>\n\t\t<\/div>\n\t\t\t\t\t<\/div>\n\t\t<\/section>\n\t\t\t\t<section class=\"elementor-section elementor-top-section elementor-element elementor-element-c49bf3f elementor-section-boxed elementor-section-height-default elementor-section-height-default\" data-id=\"c49bf3f\" data-element_type=\"section\" data-e-type=\"section\">\n\t\t\t\t\t\t<div class=\"elementor-container elementor-column-gap-default\">\n\t\t\t\t\t<div class=\"elementor-column elementor-col-100 elementor-top-column elementor-element elementor-element-9537949\" data-id=\"9537949\" data-element_type=\"column\" data-e-type=\"column\">\n\t\t\t<div class=\"elementor-widget-wrap elementor-element-populated\">\n\t\t\t\t\t\t<div class=\"elementor-element elementor-element-757f35e elementor-widget elementor-widget-spacer\" data-id=\"757f35e\" data-element_type=\"widget\" data-e-type=\"widget\" data-widget_type=\"spacer.default\">\n\t\t\t\t<div class=\"elementor-widget-container\">\n\t\t\t\t\t\t\t<div class=\"elementor-spacer\">\n\t\t\t<div class=\"elementor-spacer-inner\"><\/div>\n\t\t<\/div>\n\t\t\t\t\t\t<\/div>\n\t\t\t\t<\/div>\n\t\t\t\t\t<\/div>\n\t\t<\/div>\n\t\t\t\t\t<\/div>\n\t\t<\/section>\n\t\t\t\t<\/div>\n\t\t","protected":false},"excerpt":{"rendered":"<p>MARCO GAVI\u00d1O Gerente de Proyectos 10 A\u00d1OS COMO COACH &amp; CONSULTOR Bachiller en Ingenier\u00eda de Sistemas de la Universidad Nacional Mayor de San Marcos, con Especializaci\u00f3n en Administraci\u00f3n de Empresas en ESAN, OKR Master, Coach Certificado por la ICC de Londres, Certificado en Liderazgo Consciente por el Conscious Business Center International de Fred Kofman y [&hellip;]<\/p>\n","protected":false},"author":1,"featured_media":0,"parent":0,"menu_order":0,"comment_status":"closed","ping_status":"closed","template":"","meta":{"inline_featured_image":false,"_monsterinsights_skip_tracking":false,"_monsterinsights_sitenote_active":false,"_monsterinsights_sitenote_note":"","_monsterinsights_sitenote_category":0,"_joinchat":[],"footnotes":""},"class_list":["post-2161","page","type-page","status-publish","hentry"],"aioseo_notices":[],"_links":{"self":[{"href":"https:\/\/www.ilmlatam.com\/demo\/wp-json\/wp\/v2\/pages\/2161","targetHints":{"allow":["GET"]}}],"collection":[{"href":"https:\/\/www.ilmlatam.com\/demo\/wp-json\/wp\/v2\/pages"}],"about":[{"href":"https:\/\/www.ilmlatam.com\/demo\/wp-json\/wp\/v2\/types\/page"}],"author":[{"embeddable":true,"href":"https:\/\/www.ilmlatam.com\/demo\/wp-json\/wp\/v2\/users\/1"}],"replies":[{"embeddable":true,"href":"https:\/\/www.ilmlatam.com\/demo\/wp-json\/wp\/v2\/comments?post=2161"}],"version-history":[{"count":22,"href":"https:\/\/www.ilmlatam.com\/demo\/wp-json\/wp\/v2\/pages\/2161\/revisions"}],"predecessor-version":[{"id":3986,"href":"https:\/\/www.ilmlatam.com\/demo\/wp-json\/wp\/v2\/pages\/2161\/revisions\/3986"}],"wp:attachment":[{"href":"https:\/\/www.ilmlatam.com\/demo\/wp-json\/wp\/v2\/media?parent=2161"}],"curies":[{"name":"wp","href":"https:\/\/api.w.org\/{rel}","templated":true}]}}