{"id":1743,"date":"2024-08-30T05:17:54","date_gmt":"2024-08-30T05:17:54","guid":{"rendered":"https:\/\/www.ilmlatam.com\/demo\/?page_id=1743"},"modified":"2024-10-29T05:48:37","modified_gmt":"2024-10-29T05:48:37","slug":"ivan-lucich","status":"publish","type":"page","link":"https:\/\/www.ilmlatam.com\/demo\/ivan-lucich\/","title":{"rendered":"Ivan Lucich"},"content":{"rendered":"\t\t<div data-elementor-type=\"wp-page\" data-elementor-id=\"1743\" class=\"elementor elementor-1743\" data-elementor-post-type=\"page\">\n\t\t\t\t\t\t<section class=\"elementor-section elementor-top-section elementor-element elementor-element-c270db4 elementor-section-boxed elementor-section-height-default elementor-section-height-default\" data-id=\"c270db4\" data-element_type=\"section\" data-e-type=\"section\">\n\t\t\t\t\t\t<div class=\"elementor-container elementor-column-gap-default\">\n\t\t\t\t\t<div class=\"elementor-column elementor-col-100 elementor-top-column elementor-element elementor-element-54f68f0\" data-id=\"54f68f0\" data-element_type=\"column\" data-e-type=\"column\">\n\t\t\t<div class=\"elementor-widget-wrap elementor-element-populated\">\n\t\t\t\t\t\t<div class=\"elementor-element elementor-element-6e82ae9 elementor-widget elementor-widget-spacer\" data-id=\"6e82ae9\" data-element_type=\"widget\" data-e-type=\"widget\" data-widget_type=\"spacer.default\">\n\t\t\t\t<div class=\"elementor-widget-container\">\n\t\t\t\t\t\t\t<div class=\"elementor-spacer\">\n\t\t\t<div class=\"elementor-spacer-inner\"><\/div>\n\t\t<\/div>\n\t\t\t\t\t\t<\/div>\n\t\t\t\t<\/div>\n\t\t\t\t\t<\/div>\n\t\t<\/div>\n\t\t\t\t\t<\/div>\n\t\t<\/section>\n\t\t\t\t<section class=\"elementor-section elementor-top-section elementor-element elementor-element-7c0b5ac elementor-section-boxed elementor-section-height-default elementor-section-height-default\" data-id=\"7c0b5ac\" data-element_type=\"section\" data-e-type=\"section\">\n\t\t\t\t\t\t<div class=\"elementor-container elementor-column-gap-default\">\n\t\t\t\t\t<div class=\"elementor-column elementor-col-25 elementor-top-column elementor-element elementor-element-a539b03\" data-id=\"a539b03\" data-element_type=\"column\" data-e-type=\"column\">\n\t\t\t<div class=\"elementor-widget-wrap\">\n\t\t\t\t\t\t\t<\/div>\n\t\t<\/div>\n\t\t\t\t<div class=\"elementor-column elementor-col-25 elementor-top-column elementor-element elementor-element-d760b29\" data-id=\"d760b29\" data-element_type=\"column\" data-e-type=\"column\">\n\t\t\t<div class=\"elementor-widget-wrap elementor-element-populated\">\n\t\t\t\t\t\t<div class=\"elementor-element elementor-element-0d68d7d elementor-widget elementor-widget-text-editor\" data-id=\"0d68d7d\" data-element_type=\"widget\" data-e-type=\"widget\" data-widget_type=\"text-editor.default\">\n\t\t\t\t<div class=\"elementor-widget-container\">\n\t\t\t\t\t\t\t\t\t<div class=\"team-details-text mb-30\" style=\"text-align: justify;\">\n<h2 style=\"color: #072f6e;\">Ivan Lucich<\/h2>\nDirector Asociado\n\n\nIngeniero electr\u00f3nico, Consultor Senior y Auditor L\u00edder IRCA con certificaci\u00f3n T\u00dcV RHEINLAND en Sistemas Integrados de Gesti\u00f3n ISO 9001:2015, ISO 14001:2015, ISO 45001:2018. siendo uno de los primeros consultores especializados en la implementaci\u00f3n de la norma ISO 9000 y Sistemas de Gesti\u00f3n de Calidad en el Per\u00fa.\n<br><br>\nCapacitador de auditores de sistemas de gesti\u00f3n con m\u00e1s de 250 cursos dictados a clientes como Las Bambas, Siderperu, Redondos, Colgas, ha liderado el proyecto de implementaci\u00f3n de Sistemas de Gesti\u00f3n a nivel nacional a trav\u00e9s del CDI de la Sociedad Nacional de Industrias. \n<br><br>\nHa desarrollado metodolog\u00edas para implementaci\u00f3n exitosa de planeamiento estrat\u00e9gico, indicadores de gesti\u00f3n, mejora continua, calidad y gesti\u00f3n de HSE con resultados comprobados. Entre sus principales competencias figuran el planeamiento estrat\u00e9gico, la gesti\u00f3n de HSE, Calidad, indicadores de gesti\u00f3n y el dise\u00f1o procesos.\n\n<\/div>\t\t\t\t\t\t\t\t<\/div>\n\t\t\t\t<\/div>\n\t\t\t\t\t<\/div>\n\t\t<\/div>\n\t\t\t\t<div class=\"elementor-column elementor-col-25 elementor-top-column elementor-element elementor-element-a29338c\" data-id=\"a29338c\" data-element_type=\"column\" data-e-type=\"column\">\n\t\t\t<div class=\"elementor-widget-wrap\">\n\t\t\t\t\t\t\t<\/div>\n\t\t<\/div>\n\t\t\t\t<div class=\"elementor-column elementor-col-25 elementor-top-column elementor-element elementor-element-c1a0828\" data-id=\"c1a0828\" data-element_type=\"column\" data-e-type=\"column\">\n\t\t\t<div class=\"elementor-widget-wrap elementor-element-populated\">\n\t\t\t\t\t\t<div class=\"elementor-element elementor-element-638a90c elementor-widget elementor-widget-spacer\" data-id=\"638a90c\" data-element_type=\"widget\" data-e-type=\"widget\" data-widget_type=\"spacer.default\">\n\t\t\t\t<div class=\"elementor-widget-container\">\n\t\t\t\t\t\t\t<div class=\"elementor-spacer\">\n\t\t\t<div class=\"elementor-spacer-inner\"><\/div>\n\t\t<\/div>\n\t\t\t\t\t\t<\/div>\n\t\t\t\t<\/div>\n\t\t\t\t<div class=\"elementor-element elementor-element-4730635 elementor-widget elementor-widget-html\" data-id=\"4730635\" data-element_type=\"widget\" data-e-type=\"widget\" data-widget_type=\"html.default\">\n\t\t\t\t<div class=\"elementor-widget-container\">\n\t\t\t\t\t<div class=\"team-wrapper mb-30\">\r\n                            \r\n                            \t\r\n\t                                <img decoding=\"async\" src=\"https:\/\/www.ilmlatam.com\/demo\/wp-content\/uploads\/2024\/10\/d718e4c2-0d63-4516-bf7e-ae088e57a221.jpg\" alt=\"\">\r\n\t                            <\/a>\r\n                                <div class=\"team-02-icon\">\r\n                                    <div class=\"inner-team-icon \">\r\n                                        <a \r\n                                        \r\n                                            <a class=\"google\" href=\"https:\/\/www.linkedin.com\/in\/ivanlucich\/\"><i class=\"fab fa-linkedin\"><\/i><\/a>\r\n                  \r\n                                        <\/div>\r\n                                    <\/div>\r\n                                    \r\n                                <\/div>\r\n                            <\/div>\r\n                           \r\n                            <\/div>\r\n                        <\/div>\t\t\t\t<\/div>\n\t\t\t\t<\/div>\n\t\t\t\t\t<\/div>\n\t\t<\/div>\n\t\t\t\t\t<\/div>\n\t\t<\/section>\n\t\t\t\t<section class=\"elementor-section elementor-top-section elementor-element elementor-element-364cc03 elementor-section-boxed elementor-section-height-default elementor-section-height-default\" data-id=\"364cc03\" data-element_type=\"section\" data-e-type=\"section\">\n\t\t\t\t\t\t<div class=\"elementor-container elementor-column-gap-default\">\n\t\t\t\t\t<div class=\"elementor-column elementor-col-100 elementor-top-column elementor-element elementor-element-13a52a7\" data-id=\"13a52a7\" data-element_type=\"column\" data-e-type=\"column\">\n\t\t\t<div class=\"elementor-widget-wrap\">\n\t\t\t\t\t\t\t<\/div>\n\t\t<\/div>\n\t\t\t\t\t<\/div>\n\t\t<\/section>\n\t\t\t\t<section class=\"elementor-section elementor-top-section elementor-element elementor-element-f6fcbae elementor-section-full_width elementor-section-height-default elementor-section-height-default\" data-id=\"f6fcbae\" data-element_type=\"section\" data-e-type=\"section\">\n\t\t\t\t\t\t<div class=\"elementor-container elementor-column-gap-no\">\n\t\t\t\t\t<div class=\"elementor-column elementor-col-100 elementor-top-column elementor-element elementor-element-f51be74\" data-id=\"f51be74\" data-element_type=\"column\" data-e-type=\"column\">\n\t\t\t<div class=\"elementor-widget-wrap elementor-element-populated\">\n\t\t\t\t\t\t<div class=\"elementor-element elementor-element-845f0e7 elementor-widget elementor-widget-spacer\" data-id=\"845f0e7\" data-element_type=\"widget\" data-e-type=\"widget\" data-widget_type=\"spacer.default\">\n\t\t\t\t<div class=\"elementor-widget-container\">\n\t\t\t\t\t\t\t<div class=\"elementor-spacer\">\n\t\t\t<div class=\"elementor-spacer-inner\"><\/div>\n\t\t<\/div>\n\t\t\t\t\t\t<\/div>\n\t\t\t\t<\/div>\n\t\t\t\t<div class=\"elementor-element elementor-element-eb6ceeb elementor-align-left elementor-widget elementor-widget-bdevs-contact-form2\" data-id=\"eb6ceeb\" data-element_type=\"widget\" data-e-type=\"widget\" data-widget_type=\"bdevs-contact-form2.default\">\n\t\t\t\t<div class=\"elementor-widget-container\">\n\t\t\t\t\t\t\t<div class=\"contact-area pt-120 grey-bg\">\r\n            <div class=\"container\">\r\n                <div class=\"row\">\r\n                    <div class=\"col-xl-5 col-lg-5\">\r\n                        <div class=\"contact-address-wrapper mb-30\">\r\n                            <div class=\"section-title mb-60\">\r\n                                                                <h5><span><\/span> Conversemos<\/h5>\r\n                                                                                                <h2><h1>Gestionamos personas, procesos <br>y resultados<\/h2>\r\n                                                            <\/div>\r\n                                                        <div class=\"inner-address-icon mb-45\">\r\n                                <div class=\"contact-address-icon f-left\">\r\n                                    <i class=\"fa fa-university \"><\/i>\r\n                                <\/div>\r\n                                <div class=\"contact-address-text\">\r\n                                    <h3>Direccion:<\/h3>\r\n                                    Calle Monte Rosa 233 Of. 605<br> Chacarilla - Santiago de Surco                                <\/div>\r\n                            <\/div>\r\n                                                        <div class=\"inner-address-icon mb-45\">\r\n                                <div class=\"contact-address-icon f-left\">\r\n                                    <i class=\"fa fa-envelope\"><\/i>\r\n                                <\/div>\r\n                                <div class=\"contact-address-text\">\r\n                                    <h3>Correo:<\/h3>\r\n                                    desarrollo@ilmlatam.com                                <\/div>\r\n                            <\/div>\r\n                                                        <div class=\"inner-address-icon mb-45\">\r\n                                <div class=\"contact-address-icon f-left\">\r\n                                    <i class=\"fa fa-tty\"><\/i>\r\n                                <\/div>\r\n                                <div class=\"contact-address-text\">\r\n                                    <h3>Tel\u00e9fono<\/h3>\r\n                                    <p><a class=\"text-white-70 font-size-15\" href=\"https:\/\/www.ilmlatam.com\/#\">(+51) 999 201 179<\/a><\/p>                                <\/div>\r\n                            <\/div>\r\n                                                    <\/div>\r\n                    <\/div>\r\n                    <div class=\"col-xl-7 col-lg-7\">\r\n                        <div class=\"contact-wrapper mb-30\">\r\n                            <div class=\"contact-text\">\r\n                                <h3>Completa tus datos y te contactaremos<\/h3>\r\n                            <\/div>\r\n                            <style id=\"wpforms-css-vars-759\">\n\t\t\t\t#wpforms-759 {\n\t\t\t\t\n\t\t\t}\n\t\t\t<\/style><div class=\"wpforms-container wpforms-container-full wpforms-render-modern\" id=\"wpforms-759\"><form id=\"wpforms-form-759\" class=\"wpforms-validate wpforms-form wpforms-ajax-form\" data-formid=\"759\" method=\"post\" enctype=\"multipart\/form-data\" action=\"\/demo\/wp-json\/wp\/v2\/pages\/1743\" data-token=\"2408cc7f75078edaffd91b1fbbffd69e\" data-token-time=\"1776391410\"><noscript class=\"wpforms-error-noscript\">Por favor, activa JavaScript en tu navegador para completar este formulario.<\/noscript><div id=\"wpforms-error-noscript\" style=\"display: none;\">Por favor, activa JavaScript en tu navegador para completar este formulario.<\/div><div class=\"wpforms-field-container\">\t\t<div id=\"wpforms-759-field_6-container\"\n\t\t\tclass=\"wpforms-field wpforms-field-text\"\n\t\t\tdata-field-type=\"text\"\n\t\t\tdata-field-id=\"6\"\n\t\t\t>\n\t\t\t<label class=\"wpforms-field-label\" for=\"wpforms-759-field_6\" >o Correo mensaje<\/label>\n\t\t\t<input type=\"text\" id=\"wpforms-759-field_6\" class=\"wpforms-field-medium\" name=\"wpforms[fields][6]\" >\n\t\t<\/div>\n\t\t<div id=\"wpforms-759-field_1-container\" class=\"wpforms-field wpforms-field-name\" data-field-id=\"1\"><label class=\"wpforms-field-label\" for=\"wpforms-759-field_1\">Nombre y Apellidos <span class=\"wpforms-required-label\" aria-hidden=\"true\">*<\/span><\/label><input type=\"text\" id=\"wpforms-759-field_1\" class=\"wpforms-field-medium wpforms-field-required\" name=\"wpforms[fields][1]\" aria-errormessage=\"wpforms-759-field_1-error\" required><\/div><div id=\"wpforms-759-field_4-container\" class=\"wpforms-field wpforms-field-name\" data-field-id=\"4\"><label class=\"wpforms-field-label\" for=\"wpforms-759-field_4\">Empresa <span class=\"wpforms-required-label\" aria-hidden=\"true\">*<\/span><\/label><input type=\"text\" id=\"wpforms-759-field_4\" class=\"wpforms-field-medium wpforms-field-required\" name=\"wpforms[fields][4]\" aria-errormessage=\"wpforms-759-field_4-error\" required><\/div><div id=\"wpforms-759-field_5-container\" class=\"wpforms-field wpforms-field-name\" data-field-id=\"5\"><label class=\"wpforms-field-label\" for=\"wpforms-759-field_5\">Cargo <span class=\"wpforms-required-label\" aria-hidden=\"true\">*<\/span><\/label><input type=\"text\" id=\"wpforms-759-field_5\" class=\"wpforms-field-medium wpforms-field-required\" name=\"wpforms[fields][5]\" aria-errormessage=\"wpforms-759-field_5-error\" required><\/div><div id=\"wpforms-759-field_2-container\" class=\"wpforms-field wpforms-field-email\" data-field-id=\"2\"><label class=\"wpforms-field-label\" for=\"wpforms-759-field_2\">Correo electr\u00f3nico <span class=\"wpforms-required-label\" aria-hidden=\"true\">*<\/span><\/label><input type=\"email\" id=\"wpforms-759-field_2\" class=\"wpforms-field-medium wpforms-field-required\" name=\"wpforms[fields][2]\" spellcheck=\"false\" aria-errormessage=\"wpforms-759-field_2-error\" required><\/div><div id=\"wpforms-759-field_3-container\" class=\"wpforms-field wpforms-field-textarea\" data-field-id=\"3\"><label class=\"wpforms-field-label\" for=\"wpforms-759-field_3\">Comentario o mensaje<\/label><textarea id=\"wpforms-759-field_3\" class=\"wpforms-field-medium\" name=\"wpforms[fields][3]\" aria-errormessage=\"wpforms-759-field_3-error\" ><\/textarea><\/div><script>\n\t\t\t\t( function() {\n\t\t\t\t\tconst style = document.createElement( 'style' );\n\t\t\t\t\tstyle.appendChild( document.createTextNode( '#wpforms-759-field_6-container { position: absolute !important; overflow: hidden !important; display: inline !important; height: 1px !important; width: 1px !important; z-index: -1000 !important; padding: 0 !important; } #wpforms-759-field_6-container input { visibility: hidden; } #wpforms-conversational-form-page #wpforms-759-field_6-container label { counter-increment: none; }' ) );\n\t\t\t\t\tdocument.head.appendChild( style );\n\t\t\t\t\tdocument.currentScript?.remove();\n\t\t\t\t} )();\n\t\t\t<\/script><\/div><!-- .wpforms-field-container --><div class=\"wpforms-submit-container\" ><input type=\"hidden\" name=\"wpforms[id]\" value=\"759\"><input type=\"hidden\" name=\"page_title\" value=\"\"><input type=\"hidden\" name=\"page_url\" value=\"https:\/\/www.ilmlatam.com\/demo\/wp-json\/wp\/v2\/pages\/1743\"><input type=\"hidden\" name=\"url_referer\" value=\"\"><button type=\"submit\" name=\"wpforms[submit]\" id=\"wpforms-submit-759\" class=\"wpforms-submit\" data-alt-text=\"Enviando...\" data-submit-text=\"Enviar\" aria-live=\"assertive\" value=\"wpforms-submit\">Enviar<\/button><img decoding=\"async\" src=\"https:\/\/www.ilmlatam.com\/demo\/wp-content\/plugins\/wpforms-lite\/assets\/images\/submit-spin.svg\" class=\"wpforms-submit-spinner\" style=\"display: none;\" width=\"26\" height=\"26\" alt=\"Cargando\"><\/div><\/form><\/div>  <!-- .wpforms-container -->                        <\/div>\r\n                    <\/div>\r\n                <\/div>\r\n            <\/div>\r\n        <\/div>\r\n\t\t\t\t\t<\/div>\n\t\t\t\t<\/div>\n\t\t\t\t\t<\/div>\n\t\t<\/div>\n\t\t\t\t\t<\/div>\n\t\t<\/section>\n\t\t\t\t<section class=\"elementor-section elementor-top-section elementor-element elementor-element-a9a0305 elementor-section-boxed elementor-section-height-default elementor-section-height-default\" data-id=\"a9a0305\" data-element_type=\"section\" data-e-type=\"section\">\n\t\t\t\t\t\t<div class=\"elementor-container elementor-column-gap-default\">\n\t\t\t\t\t<div class=\"elementor-column elementor-col-100 elementor-top-column elementor-element elementor-element-b3b4786\" data-id=\"b3b4786\" data-element_type=\"column\" data-e-type=\"column\">\n\t\t\t<div class=\"elementor-widget-wrap elementor-element-populated\">\n\t\t\t\t\t\t<section class=\"elementor-section elementor-inner-section elementor-element elementor-element-b4e6660 elementor-section-boxed elementor-section-height-default elementor-section-height-default\" data-id=\"b4e6660\" data-element_type=\"section\" data-e-type=\"section\">\n\t\t\t\t\t\t<div class=\"elementor-container elementor-column-gap-default\">\n\t\t\t\t\t<div class=\"elementor-column elementor-col-50 elementor-inner-column elementor-element elementor-element-699313b\" data-id=\"699313b\" data-element_type=\"column\" data-e-type=\"column\">\n\t\t\t<div class=\"elementor-widget-wrap\">\n\t\t\t\t\t\t\t<\/div>\n\t\t<\/div>\n\t\t\t\t<div class=\"elementor-column elementor-col-50 elementor-inner-column elementor-element elementor-element-fbffa88\" data-id=\"fbffa88\" data-element_type=\"column\" data-e-type=\"column\">\n\t\t\t<div class=\"elementor-widget-wrap\">\n\t\t\t\t\t\t\t<\/div>\n\t\t<\/div>\n\t\t\t\t\t<\/div>\n\t\t<\/section>\n\t\t\t\t\t<\/div>\n\t\t<\/div>\n\t\t\t\t\t<\/div>\n\t\t<\/section>\n\t\t\t\t<section class=\"elementor-section elementor-top-section elementor-element elementor-element-c49bf3f elementor-section-boxed elementor-section-height-default elementor-section-height-default\" data-id=\"c49bf3f\" data-element_type=\"section\" data-e-type=\"section\">\n\t\t\t\t\t\t<div class=\"elementor-container elementor-column-gap-default\">\n\t\t\t\t\t<div class=\"elementor-column elementor-col-100 elementor-top-column elementor-element elementor-element-9537949\" data-id=\"9537949\" data-element_type=\"column\" data-e-type=\"column\">\n\t\t\t<div class=\"elementor-widget-wrap elementor-element-populated\">\n\t\t\t\t\t\t<div class=\"elementor-element elementor-element-757f35e elementor-widget elementor-widget-spacer\" data-id=\"757f35e\" data-element_type=\"widget\" data-e-type=\"widget\" data-widget_type=\"spacer.default\">\n\t\t\t\t<div class=\"elementor-widget-container\">\n\t\t\t\t\t\t\t<div class=\"elementor-spacer\">\n\t\t\t<div class=\"elementor-spacer-inner\"><\/div>\n\t\t<\/div>\n\t\t\t\t\t\t<\/div>\n\t\t\t\t<\/div>\n\t\t\t\t\t<\/div>\n\t\t<\/div>\n\t\t\t\t\t<\/div>\n\t\t<\/section>\n\t\t\t\t<\/div>\n\t\t","protected":false},"excerpt":{"rendered":"<p>Ivan Lucich Director Asociado Ingeniero electr\u00f3nico, Consultor Senior y Auditor L\u00edder IRCA con certificaci\u00f3n T\u00dcV RHEINLAND en Sistemas Integrados de Gesti\u00f3n ISO 9001:2015, ISO 14001:2015, ISO 45001:2018. siendo uno de los primeros consultores especializados en la implementaci\u00f3n de la norma ISO 9000 y Sistemas de Gesti\u00f3n de Calidad en el Per\u00fa. Capacitador de auditores de [&hellip;]<\/p>\n","protected":false},"author":1,"featured_media":0,"parent":0,"menu_order":0,"comment_status":"closed","ping_status":"closed","template":"elementor_header_footer","meta":{"inline_featured_image":false,"_monsterinsights_skip_tracking":false,"_monsterinsights_sitenote_active":false,"_monsterinsights_sitenote_note":"","_monsterinsights_sitenote_category":0,"_joinchat":[],"footnotes":""},"class_list":["post-1743","page","type-page","status-publish","hentry"],"aioseo_notices":[],"_links":{"self":[{"href":"https:\/\/www.ilmlatam.com\/demo\/wp-json\/wp\/v2\/pages\/1743","targetHints":{"allow":["GET"]}}],"collection":[{"href":"https:\/\/www.ilmlatam.com\/demo\/wp-json\/wp\/v2\/pages"}],"about":[{"href":"https:\/\/www.ilmlatam.com\/demo\/wp-json\/wp\/v2\/types\/page"}],"author":[{"embeddable":true,"href":"https:\/\/www.ilmlatam.com\/demo\/wp-json\/wp\/v2\/users\/1"}],"replies":[{"embeddable":true,"href":"https:\/\/www.ilmlatam.com\/demo\/wp-json\/wp\/v2\/comments?post=1743"}],"version-history":[{"count":205,"href":"https:\/\/www.ilmlatam.com\/demo\/wp-json\/wp\/v2\/pages\/1743\/revisions"}],"predecessor-version":[{"id":4119,"href":"https:\/\/www.ilmlatam.com\/demo\/wp-json\/wp\/v2\/pages\/1743\/revisions\/4119"}],"wp:attachment":[{"href":"https:\/\/www.ilmlatam.com\/demo\/wp-json\/wp\/v2\/media?parent=1743"}],"curies":[{"name":"wp","href":"https:\/\/api.w.org\/{rel}","templated":true}]}}