{"id":1554,"date":"2024-08-28T23:57:28","date_gmt":"2024-08-28T23:57:28","guid":{"rendered":"https:\/\/www.ilmlatam.com\/demo\/?page_id=1554"},"modified":"2024-10-29T06:47:40","modified_gmt":"2024-10-29T06:47:40","slug":"consultores","status":"publish","type":"page","link":"https:\/\/www.ilmlatam.com\/demo\/consultores\/","title":{"rendered":"Consultores Principales"},"content":{"rendered":"\t\t<div data-elementor-type=\"wp-page\" data-elementor-id=\"1554\" class=\"elementor elementor-1554\" data-elementor-post-type=\"page\">\n\t\t\t\t\t\t<section class=\"elementor-section elementor-top-section elementor-element elementor-element-44a1b9c elementor-section-boxed elementor-section-height-default elementor-section-height-default\" data-id=\"44a1b9c\" data-element_type=\"section\" data-e-type=\"section\">\n\t\t\t\t\t\t<div class=\"elementor-container elementor-column-gap-default\">\n\t\t\t\t\t<div class=\"elementor-column elementor-col-100 elementor-top-column elementor-element elementor-element-dd2cbea\" data-id=\"dd2cbea\" data-element_type=\"column\" data-e-type=\"column\">\n\t\t\t<div class=\"elementor-widget-wrap elementor-element-populated\">\n\t\t\t\t\t\t<div class=\"elementor-element elementor-element-af2409d elementor-widget elementor-widget-spacer\" data-id=\"af2409d\" data-element_type=\"widget\" data-e-type=\"widget\" data-widget_type=\"spacer.default\">\n\t\t\t\t<div class=\"elementor-widget-container\">\n\t\t\t\t\t\t\t<div class=\"elementor-spacer\">\n\t\t\t<div class=\"elementor-spacer-inner\"><\/div>\n\t\t<\/div>\n\t\t\t\t\t\t<\/div>\n\t\t\t\t<\/div>\n\t\t\t\t<div class=\"elementor-element elementor-element-e95b7ea elementor-widget elementor-widget-heading\" data-id=\"e95b7ea\" data-element_type=\"widget\" data-e-type=\"widget\" data-widget_type=\"heading.default\">\n\t\t\t\t<div class=\"elementor-widget-container\">\n\t\t\t\t\t<h2 class=\"elementor-heading-title elementor-size-default\">Consultores principales<\/h2>\t\t\t\t<\/div>\n\t\t\t\t<\/div>\n\t\t\t\t<div class=\"elementor-element elementor-element-3c39d5a elementor-widget elementor-widget-text-editor\" data-id=\"3c39d5a\" data-element_type=\"widget\" data-e-type=\"widget\" data-widget_type=\"text-editor.default\">\n\t\t\t\t<div class=\"elementor-widget-container\">\n\t\t\t\t\t\t\t\t\t<h5>Ejecutivos con experiencia en transformaci\u00f3n de organizaciones multisectoriales.<\/h4>\t\t\t\t\t\t\t\t<\/div>\n\t\t\t\t<\/div>\n\t\t\t\t<div class=\"elementor-element elementor-element-cf156a5 elementor-widget elementor-widget-spacer\" data-id=\"cf156a5\" data-element_type=\"widget\" data-e-type=\"widget\" data-widget_type=\"spacer.default\">\n\t\t\t\t<div class=\"elementor-widget-container\">\n\t\t\t\t\t\t\t<div class=\"elementor-spacer\">\n\t\t\t<div class=\"elementor-spacer-inner\"><\/div>\n\t\t<\/div>\n\t\t\t\t\t\t<\/div>\n\t\t\t\t<\/div>\n\t\t\t\t\t<\/div>\n\t\t<\/div>\n\t\t\t\t\t<\/div>\n\t\t<\/section>\n\t\t\t\t<section class=\"elementor-section elementor-top-section elementor-element elementor-element-77afed4 elementor-section-boxed elementor-section-height-default elementor-section-height-default\" data-id=\"77afed4\" data-element_type=\"section\" data-e-type=\"section\">\n\t\t\t\t\t\t<div class=\"elementor-container elementor-column-gap-default\">\n\t\t\t\t\t<div class=\"elementor-column elementor-col-33 elementor-top-column elementor-element elementor-element-b03734a\" data-id=\"b03734a\" data-element_type=\"column\" data-e-type=\"column\">\n\t\t\t<div class=\"elementor-widget-wrap elementor-element-populated\">\n\t\t\t\t\t\t<div class=\"elementor-element elementor-element-39255410 elementor-widget elementor-widget-html\" data-id=\"39255410\" data-element_type=\"widget\" data-e-type=\"widget\" data-widget_type=\"html.default\">\n\t\t\t\t<div class=\"elementor-widget-container\">\n\t\t\t\t\t<div class=\"team-wrapper mb-30\">\r\n                            <div class=\"team-img\">\r\n                            \t<a href=\"https:\/\/www.ilmlatam.com\/demo\/jorge-luis-becker\/\">\r\n\t                                <img decoding=\"async\" src=\"https:\/\/www.ilmlatam.com\/demo\/wp-content\/uploads\/2021\/06\/Jorge-3.png\" alt=\"\">\r\n\t                            <\/a>\r\n                                <div class=\"team-02-icon\">\r\n                                    <div class=\"inner-team-icon pos-rel\">\r\n                                        <a href=\" https:\/\/www.ilmlatam.com\/demo\/jorge-luis-becker\/\"><i class=\"fal fa-plus\"><\/i><\/a>\r\n                                        <div class=\"team-icon\">\r\n                                            <a class=\"google\" href=\"https:\/\/www.linkedin.com\/in\/jorge-luis-becker\/\"><i class=\"fab fa-linkedin\"><\/i><\/a>\r\n                  \r\n                                        <\/div>\r\n                                    <\/div>\r\n                                    \r\n                                <\/div>\r\n                            <\/div>\r\n                            <div class=\"team-text\">\r\n                                <h3>Jorge Luis Becker<\/h3>\r\n                                <span>Country Manager<\/span>\r\n                            <\/div>\r\n                        <\/div>\t\t\t\t<\/div>\n\t\t\t\t<\/div>\n\t\t\t\t\t<\/div>\n\t\t<\/div>\n\t\t\t\t<div class=\"elementor-column elementor-col-33 elementor-top-column elementor-element elementor-element-6446c4f\" data-id=\"6446c4f\" data-element_type=\"column\" data-e-type=\"column\">\n\t\t\t<div class=\"elementor-widget-wrap elementor-element-populated\">\n\t\t\t\t\t\t<div class=\"elementor-element elementor-element-7f804e7a elementor-widget elementor-widget-html\" data-id=\"7f804e7a\" data-element_type=\"widget\" data-e-type=\"widget\" data-widget_type=\"html.default\">\n\t\t\t\t<div class=\"elementor-widget-container\">\n\t\t\t\t\t <div class=\"team-wrapper mb-30\">\r\n                            <div class=\"team-img\">\r\n                            \t<a href=\"https:\/\/www.ilmlatam.com\/demo\/ivan-lucich\/\">\r\n\t                                <img decoding=\"async\" src=\"https:\/\/www.ilmlatam.com\/demo\/wp-content\/uploads\/2024\/10\/d718e4c2-0d63-4516-bf7e-ae088e57a221.jpg\" alt=\"\">\r\n\t                            <\/a>\r\n                                <div class=\"team-02-icon\">\r\n                                    <div class=\"inner-team-icon pos-rel\">\r\n                                        <a href=\"https:\/\/www.ilmlatam.com\/demo\/ivan-lucich\/\"><i class=\"fal fa-plus\"><\/i><\/a>\r\n                                        <div class=\"team-icon\">\r\n                                            <a class=\"google\" href=\"https:\/\/www.linkedin.com\/in\/ivanlucich\/\"><i class=\"fab fa-linkedin\"><\/i><\/a>\r\n                  \r\n                                        <\/div>\r\n                                    <\/div>\r\n                                    \r\n                                <\/div>\r\n                            <\/div>\r\n                            <div class=\"team-text\">\r\n                                <h3>Ivan Lucich<\/h3>\r\n                                <span>Director Asociado<\/span>\r\n                            <\/div>\r\n                        <\/div>\t\t\t\t<\/div>\n\t\t\t\t<\/div>\n\t\t\t\t\t<\/div>\n\t\t<\/div>\n\t\t\t\t<div class=\"elementor-column elementor-col-33 elementor-top-column elementor-element elementor-element-9364f28\" data-id=\"9364f28\" data-element_type=\"column\" data-e-type=\"column\">\n\t\t\t<div class=\"elementor-widget-wrap elementor-element-populated\">\n\t\t\t\t\t\t<div class=\"elementor-element elementor-element-339c082 elementor-widget elementor-widget-html\" data-id=\"339c082\" data-element_type=\"widget\" data-e-type=\"widget\" data-widget_type=\"html.default\">\n\t\t\t\t<div class=\"elementor-widget-container\">\n\t\t\t\t\t<div class=\"team-wrapper mb-30\">\r\n    <div class=\"team-img\">\r\n        <a href=\"https:\/\/www.ilmlatam.com\/demo\/marco-gavino\/\">\r\n            <img decoding=\"async\" src=\"https:\/\/www.ilmlatam.com\/demo\/wp-content\/uploads\/2021\/06\/MARCO-GA.png\" alt=\"\">\r\n        <\/a>\r\n        <div class=\"team-02-icon\">\r\n            <div class=\"inner-team-icon pos-rel\">\r\n                <a href=\"https:\/\/www.ilmlatam.com\/demo\/marco-gavino\/\"><i class=\"fal fa-plus\"><\/i><\/a>\r\n                <div class=\"team-icon\">\r\n                    <a class=\"google\" href=\"https:\/\/www.linkedin.com\/in\/marco-gavino-velaochaga\/\"><i class=\"fab fa-linkedin\"><\/i><\/a>\r\n                <\/div>\r\n            <\/div>\r\n        <\/div>\r\n    <\/div>\r\n    <div class=\"team-text\">\r\n        <h3>Marco Gavi\u00f1o<\/h3>\r\n        <span>Gerente de Proyectos<\/span>\r\n    <\/div>\r\n<\/div>\r\n\r\n<style>\r\n.team-text span {\r\n    text-transform: none; \/* Aseg\u00farate de que se muestre en min\u00fasculas *\/\r\n}\r\n<\/style>\r\n\r\n\t\t\t\t<\/div>\n\t\t\t\t<\/div>\n\t\t\t\t\t<\/div>\n\t\t<\/div>\n\t\t\t\t\t<\/div>\n\t\t<\/section>\n\t\t\t\t<section class=\"elementor-section elementor-top-section elementor-element elementor-element-f6fcbae elementor-section-full_width elementor-section-height-default elementor-section-height-default\" data-id=\"f6fcbae\" data-element_type=\"section\" data-e-type=\"section\">\n\t\t\t\t\t\t<div class=\"elementor-container elementor-column-gap-no\">\n\t\t\t\t\t<div class=\"elementor-column elementor-col-100 elementor-top-column elementor-element elementor-element-f51be74\" data-id=\"f51be74\" data-element_type=\"column\" data-e-type=\"column\">\n\t\t\t<div class=\"elementor-widget-wrap elementor-element-populated\">\n\t\t\t\t\t\t<div class=\"elementor-element elementor-element-69db122 elementor-widget elementor-widget-spacer\" data-id=\"69db122\" data-element_type=\"widget\" data-e-type=\"widget\" data-widget_type=\"spacer.default\">\n\t\t\t\t<div class=\"elementor-widget-container\">\n\t\t\t\t\t\t\t<div class=\"elementor-spacer\">\n\t\t\t<div class=\"elementor-spacer-inner\"><\/div>\n\t\t<\/div>\n\t\t\t\t\t\t<\/div>\n\t\t\t\t<\/div>\n\t\t\t\t<div class=\"elementor-element elementor-element-eb6ceeb elementor-align-left elementor-widget elementor-widget-bdevs-contact-form2\" data-id=\"eb6ceeb\" data-element_type=\"widget\" data-e-type=\"widget\" data-widget_type=\"bdevs-contact-form2.default\">\n\t\t\t\t<div class=\"elementor-widget-container\">\n\t\t\t\t\t\t\t<div class=\"contact-area pt-120 grey-bg\">\r\n            <div class=\"container\">\r\n                <div class=\"row\">\r\n                    <div class=\"col-xl-5 col-lg-5\">\r\n                        <div class=\"contact-address-wrapper mb-30\">\r\n                            <div class=\"section-title mb-60\">\r\n                                                                <h5><span><\/span> Conversemos<\/h5>\r\n                                                                                                <h2><h1>Gestionamos personas, procesos <br>y resultados<\/h2>\r\n                                                            <\/div>\r\n                                                        <div class=\"inner-address-icon mb-45\">\r\n                                <div class=\"contact-address-icon f-left\">\r\n                                    <i class=\"fa fa-university \"><\/i>\r\n                                <\/div>\r\n                                <div class=\"contact-address-text\">\r\n                                    <h3>Direcci\u00f3n:<\/h3>\r\n                                    Calle Monte Rosa 233 Of. 605\nChacarilla - Santiago de Surco\n<br>Lima \u2013 Per\u00fa.                                <\/div>\r\n                            <\/div>\r\n                                                        <div class=\"inner-address-icon mb-45\">\r\n                                <div class=\"contact-address-icon f-left\">\r\n                                    <i class=\"fa fa-envelope\"><\/i>\r\n                                <\/div>\r\n                                <div class=\"contact-address-text\">\r\n                                    <h3>Correo:<\/h3>\r\n                                    desarrollo@ilmlatam.com                                <\/div>\r\n                            <\/div>\r\n                                                        <div class=\"inner-address-icon mb-45\">\r\n                                <div class=\"contact-address-icon f-left\">\r\n                                    <i class=\"fa fa-tty\"><\/i>\r\n                                <\/div>\r\n                                <div class=\"contact-address-text\">\r\n                                    <h3>Tel\u00e9fono<\/h3>\r\n                                    <p><a class=\"text-white-70 font-size-15\" href=\"https:\/\/www.ilmlatam.com\/#\">(+51) 999 201 179<\/a><\/p>                                <\/div>\r\n                            <\/div>\r\n                                                    <\/div>\r\n                    <\/div>\r\n                    <div class=\"col-xl-7 col-lg-7\">\r\n                        <div class=\"contact-wrapper mb-30\">\r\n                            <div class=\"contact-text\">\r\n                                <h3>Completa tus datos y te contactaremos<\/h3>\r\n                            <\/div>\r\n                            <style id=\"wpforms-css-vars-759\">\n\t\t\t\t#wpforms-759 {\n\t\t\t\t\n\t\t\t}\n\t\t\t<\/style><div class=\"wpforms-container wpforms-container-full wpforms-render-modern\" id=\"wpforms-759\"><form id=\"wpforms-form-759\" class=\"wpforms-validate wpforms-form wpforms-ajax-form\" data-formid=\"759\" method=\"post\" enctype=\"multipart\/form-data\" action=\"\/demo\/wp-json\/wp\/v2\/pages\/1554\" data-token=\"2408cc7f75078edaffd91b1fbbffd69e\" data-token-time=\"1776386679\"><noscript class=\"wpforms-error-noscript\">Por favor, activa JavaScript en tu navegador para completar este formulario.<\/noscript><div id=\"wpforms-error-noscript\" style=\"display: none;\">Por favor, activa JavaScript en tu navegador para completar este formulario.<\/div><div class=\"wpforms-field-container\"><div id=\"wpforms-759-field_1-container\" class=\"wpforms-field wpforms-field-name\" data-field-id=\"1\"><label class=\"wpforms-field-label\" for=\"wpforms-759-field_1\">Nombre y Apellidos <span class=\"wpforms-required-label\" aria-hidden=\"true\">*<\/span><\/label><input type=\"text\" id=\"wpforms-759-field_1\" class=\"wpforms-field-medium wpforms-field-required\" name=\"wpforms[fields][1]\" aria-errormessage=\"wpforms-759-field_1-error\" required><\/div>\t\t<div id=\"wpforms-759-field_6-container\"\n\t\t\tclass=\"wpforms-field wpforms-field-text\"\n\t\t\tdata-field-type=\"text\"\n\t\t\tdata-field-id=\"6\"\n\t\t\t>\n\t\t\t<label class=\"wpforms-field-label\" for=\"wpforms-759-field_6\" >Cargo mensaje electr\u00f3nico<\/label>\n\t\t\t<input type=\"text\" id=\"wpforms-759-field_6\" class=\"wpforms-field-medium\" name=\"wpforms[fields][6]\" >\n\t\t<\/div>\n\t\t<div id=\"wpforms-759-field_4-container\" class=\"wpforms-field wpforms-field-name\" data-field-id=\"4\"><label class=\"wpforms-field-label\" for=\"wpforms-759-field_4\">Empresa <span class=\"wpforms-required-label\" aria-hidden=\"true\">*<\/span><\/label><input type=\"text\" id=\"wpforms-759-field_4\" class=\"wpforms-field-medium wpforms-field-required\" name=\"wpforms[fields][4]\" aria-errormessage=\"wpforms-759-field_4-error\" required><\/div><div id=\"wpforms-759-field_5-container\" class=\"wpforms-field wpforms-field-name\" data-field-id=\"5\"><label class=\"wpforms-field-label\" for=\"wpforms-759-field_5\">Cargo <span class=\"wpforms-required-label\" aria-hidden=\"true\">*<\/span><\/label><input type=\"text\" id=\"wpforms-759-field_5\" class=\"wpforms-field-medium wpforms-field-required\" name=\"wpforms[fields][5]\" aria-errormessage=\"wpforms-759-field_5-error\" required><\/div><div id=\"wpforms-759-field_2-container\" class=\"wpforms-field wpforms-field-email\" data-field-id=\"2\"><label class=\"wpforms-field-label\" for=\"wpforms-759-field_2\">Correo electr\u00f3nico <span class=\"wpforms-required-label\" aria-hidden=\"true\">*<\/span><\/label><input type=\"email\" id=\"wpforms-759-field_2\" class=\"wpforms-field-medium wpforms-field-required\" name=\"wpforms[fields][2]\" spellcheck=\"false\" aria-errormessage=\"wpforms-759-field_2-error\" required><\/div><div id=\"wpforms-759-field_3-container\" class=\"wpforms-field wpforms-field-textarea\" data-field-id=\"3\"><label class=\"wpforms-field-label\" for=\"wpforms-759-field_3\">Comentario o mensaje<\/label><textarea id=\"wpforms-759-field_3\" class=\"wpforms-field-medium\" name=\"wpforms[fields][3]\" aria-errormessage=\"wpforms-759-field_3-error\" ><\/textarea><\/div><script>\n\t\t\t\t( function() {\n\t\t\t\t\tconst style = document.createElement( 'style' );\n\t\t\t\t\tstyle.appendChild( document.createTextNode( '#wpforms-759-field_6-container { position: absolute !important; overflow: hidden !important; display: inline !important; height: 1px !important; width: 1px !important; z-index: -1000 !important; padding: 0 !important; } #wpforms-759-field_6-container input { visibility: hidden; } #wpforms-conversational-form-page #wpforms-759-field_6-container label { counter-increment: none; }' ) );\n\t\t\t\t\tdocument.head.appendChild( style );\n\t\t\t\t\tdocument.currentScript?.remove();\n\t\t\t\t} )();\n\t\t\t<\/script><\/div><!-- .wpforms-field-container --><div class=\"wpforms-submit-container\" ><input type=\"hidden\" name=\"wpforms[id]\" value=\"759\"><input type=\"hidden\" name=\"page_title\" value=\"\"><input type=\"hidden\" name=\"page_url\" value=\"https:\/\/www.ilmlatam.com\/demo\/wp-json\/wp\/v2\/pages\/1554\"><input type=\"hidden\" name=\"url_referer\" value=\"\"><button type=\"submit\" name=\"wpforms[submit]\" id=\"wpforms-submit-759\" class=\"wpforms-submit\" data-alt-text=\"Enviando...\" data-submit-text=\"Enviar\" aria-live=\"assertive\" value=\"wpforms-submit\">Enviar<\/button><img decoding=\"async\" src=\"https:\/\/www.ilmlatam.com\/demo\/wp-content\/plugins\/wpforms-lite\/assets\/images\/submit-spin.svg\" class=\"wpforms-submit-spinner\" style=\"display: none;\" width=\"26\" height=\"26\" alt=\"Cargando\"><\/div><\/form><\/div>  <!-- .wpforms-container -->\n                        <\/div>\r\n                    <\/div>\r\n                <\/div>\r\n            <\/div>\r\n        <\/div>\r\n\t\t\t\t\t<\/div>\n\t\t\t\t<\/div>\n\t\t\t\t\t<\/div>\n\t\t<\/div>\n\t\t\t\t\t<\/div>\n\t\t<\/section>\n\t\t\t\t<section class=\"elementor-section elementor-top-section elementor-element elementor-element-63d0df42 elementor-section-boxed elementor-section-height-default elementor-section-height-default\" data-id=\"63d0df42\" data-element_type=\"section\" data-e-type=\"section\">\n\t\t\t\t\t\t<div class=\"elementor-container elementor-column-gap-default\">\n\t\t\t\t\t<div class=\"elementor-column elementor-col-100 elementor-top-column elementor-element elementor-element-92ac2d5\" data-id=\"92ac2d5\" data-element_type=\"column\" data-e-type=\"column\">\n\t\t\t<div class=\"elementor-widget-wrap elementor-element-populated\">\n\t\t\t\t\t\t<div class=\"elementor-element elementor-element-3690092e elementor-widget elementor-widget-spacer\" data-id=\"3690092e\" data-element_type=\"widget\" data-e-type=\"widget\" data-widget_type=\"spacer.default\">\n\t\t\t\t<div class=\"elementor-widget-container\">\n\t\t\t\t\t\t\t<div class=\"elementor-spacer\">\n\t\t\t<div class=\"elementor-spacer-inner\"><\/div>\n\t\t<\/div>\n\t\t\t\t\t\t<\/div>\n\t\t\t\t<\/div>\n\t\t\t\t<div class=\"elementor-element elementor-element-5bacf0ab elementor-widget elementor-widget-spacer\" data-id=\"5bacf0ab\" data-element_type=\"widget\" data-e-type=\"widget\" data-widget_type=\"spacer.default\">\n\t\t\t\t<div class=\"elementor-widget-container\">\n\t\t\t\t\t\t\t<div class=\"elementor-spacer\">\n\t\t\t<div class=\"elementor-spacer-inner\"><\/div>\n\t\t<\/div>\n\t\t\t\t\t\t<\/div>\n\t\t\t\t<\/div>\n\t\t\t\t<section class=\"elementor-section elementor-inner-section elementor-element elementor-element-4063fefb elementor-section-boxed elementor-section-height-default elementor-section-height-default\" data-id=\"4063fefb\" data-element_type=\"section\" data-e-type=\"section\">\n\t\t\t\t\t\t<div class=\"elementor-container elementor-column-gap-default\">\n\t\t\t\t\t<div class=\"elementor-column elementor-col-50 elementor-inner-column elementor-element elementor-element-4be0a045\" data-id=\"4be0a045\" data-element_type=\"column\" data-e-type=\"column\">\n\t\t\t<div class=\"elementor-widget-wrap\">\n\t\t\t\t\t\t\t<\/div>\n\t\t<\/div>\n\t\t\t\t<div class=\"elementor-column elementor-col-50 elementor-inner-column elementor-element elementor-element-33889d78\" data-id=\"33889d78\" data-element_type=\"column\" data-e-type=\"column\">\n\t\t\t<div class=\"elementor-widget-wrap elementor-element-populated\">\n\t\t\t\t\t\t<div class=\"elementor-element elementor-element-57e93f7f elementor-shape-circle elementor-grid-0 e-grid-align-center elementor-widget elementor-widget-social-icons\" data-id=\"57e93f7f\" data-element_type=\"widget\" data-e-type=\"widget\" data-widget_type=\"social-icons.default\">\n\t\t\t\t<div class=\"elementor-widget-container\">\n\t\t\t\t\t\t\t<div class=\"elementor-social-icons-wrapper elementor-grid\" role=\"list\">\n\t\t\t\t\t\t\t<span class=\"elementor-grid-item\" role=\"listitem\">\n\t\t\t\t\t<a class=\"elementor-icon elementor-social-icon elementor-social-icon-facebook elementor-repeater-item-f54c2fc\" href=\"https:\/\/www.facebook.com\/ILMLatam\/\" target=\"_blank\">\n\t\t\t\t\t\t<span class=\"elementor-screen-only\">Facebook<\/span>\n\t\t\t\t\t\t<i aria-hidden=\"true\" class=\"fab fa-facebook\"><\/i>\t\t\t\t\t<\/a>\n\t\t\t\t<\/span>\n\t\t\t\t\t\t\t<span class=\"elementor-grid-item\" role=\"listitem\">\n\t\t\t\t\t<a class=\"elementor-icon elementor-social-icon elementor-social-icon-instagram elementor-repeater-item-84c6e75\" href=\"https:\/\/www.instagram.com\/ilmlatam\/?hl=es\" target=\"_blank\">\n\t\t\t\t\t\t<span class=\"elementor-screen-only\">Instagram<\/span>\n\t\t\t\t\t\t<i aria-hidden=\"true\" class=\"fab fa-instagram\"><\/i>\t\t\t\t\t<\/a>\n\t\t\t\t<\/span>\n\t\t\t\t\t\t\t<span class=\"elementor-grid-item\" role=\"listitem\">\n\t\t\t\t\t<a class=\"elementor-icon elementor-social-icon elementor-social-icon-linkedin elementor-repeater-item-cbc1c71\" href=\"https:\/\/www.linkedin.com\/company\/ilmlatam\/\" target=\"_blank\">\n\t\t\t\t\t\t<span class=\"elementor-screen-only\">Linkedin<\/span>\n\t\t\t\t\t\t<i aria-hidden=\"true\" class=\"fab fa-linkedin\"><\/i>\t\t\t\t\t<\/a>\n\t\t\t\t<\/span>\n\t\t\t\t\t\t\t<span class=\"elementor-grid-item\" role=\"listitem\">\n\t\t\t\t\t<a class=\"elementor-icon elementor-social-icon elementor-social-icon-youtube elementor-repeater-item-4784776\" href=\"https:\/\/www.youtube.com\/@ILMLatam\" target=\"_blank\">\n\t\t\t\t\t\t<span class=\"elementor-screen-only\">Youtube<\/span>\n\t\t\t\t\t\t<i aria-hidden=\"true\" class=\"fab fa-youtube\"><\/i>\t\t\t\t\t<\/a>\n\t\t\t\t<\/span>\n\t\t\t\t\t<\/div>\n\t\t\t\t\t\t<\/div>\n\t\t\t\t<\/div>\n\t\t\t\t\t<\/div>\n\t\t<\/div>\n\t\t\t\t\t<\/div>\n\t\t<\/section>\n\t\t\t\t\t<\/div>\n\t\t<\/div>\n\t\t\t\t\t<\/div>\n\t\t<\/section>\n\t\t\t\t<\/div>\n\t\t","protected":false},"excerpt":{"rendered":"<p>Consultores principales Ejecutivos con experiencia en transformaci\u00f3n de organizaciones multisectoriales. Jorge Luis Becker Country Manager Ivan Lucich Director Asociado Marco Gavi\u00f1o Gerente de Proyectos Conversemos Gestionamos personas, procesos y resultados Direcci\u00f3n: Calle Monte Rosa 233 Of. 605 Chacarilla &#8211; Santiago de Surco Lima \u2013 Per\u00fa. Correo: desarrollo@ilmlatam.com Tel\u00e9fono (+51) 999 201 179 Completa tus datos [&hellip;]<\/p>\n","protected":false},"author":1,"featured_media":0,"parent":0,"menu_order":0,"comment_status":"closed","ping_status":"closed","template":"elementor_header_footer","meta":{"inline_featured_image":false,"_monsterinsights_skip_tracking":false,"_monsterinsights_sitenote_active":false,"_monsterinsights_sitenote_note":"","_monsterinsights_sitenote_category":0,"_joinchat":[],"footnotes":""},"class_list":["post-1554","page","type-page","status-publish","hentry"],"aioseo_notices":[],"_links":{"self":[{"href":"https:\/\/www.ilmlatam.com\/demo\/wp-json\/wp\/v2\/pages\/1554","targetHints":{"allow":["GET"]}}],"collection":[{"href":"https:\/\/www.ilmlatam.com\/demo\/wp-json\/wp\/v2\/pages"}],"about":[{"href":"https:\/\/www.ilmlatam.com\/demo\/wp-json\/wp\/v2\/types\/page"}],"author":[{"embeddable":true,"href":"https:\/\/www.ilmlatam.com\/demo\/wp-json\/wp\/v2\/users\/1"}],"replies":[{"embeddable":true,"href":"https:\/\/www.ilmlatam.com\/demo\/wp-json\/wp\/v2\/comments?post=1554"}],"version-history":[{"count":51,"href":"https:\/\/www.ilmlatam.com\/demo\/wp-json\/wp\/v2\/pages\/1554\/revisions"}],"predecessor-version":[{"id":4374,"href":"https:\/\/www.ilmlatam.com\/demo\/wp-json\/wp\/v2\/pages\/1554\/revisions\/4374"}],"wp:attachment":[{"href":"https:\/\/www.ilmlatam.com\/demo\/wp-json\/wp\/v2\/media?parent=1554"}],"curies":[{"name":"wp","href":"https:\/\/api.w.org\/{rel}","templated":true}]}}